{"id":13642,"date":"2022-03-15T21:45:44","date_gmt":"2022-03-15T20:45:44","guid":{"rendered":"https:\/\/monmutualis.com\/?page_id=13642"},"modified":"2023-12-27T05:04:13","modified_gmt":"2023-12-27T04:04:13","slug":"fichier-central-de-sinistre","status":"publish","type":"page","link":"https:\/\/monmutualis.com\/index.php\/fichier-central-de-sinistre\/","title":{"rendered":"Fichier central de sinistre"},"content":{"rendered":"<div class=\"wpb-content-wrapper\"><p>[vc_row parallax=\u00a0\u00bbcontent-moving\u00a0\u00bb full_width=\u00a0\u00bbstretch_row\u00a0\u00bb css=\u00a0\u00bb.vc_custom_1645792207324{background-position: center;background-repeat: no-repeat !important;background-size: cover !important;}\u00a0\u00bb][vc_column]\r\n\t<div class=\"prelude-spacer clearfix\" data-desktop=\"135\" data-mobi=\"60\" data-smobi=\"60\"><\/div>[\/vc_column][\/vc_row][vc_row parallax=\u00a0\u00bbcontent-moving\u00a0\u00bb parallax_image=\u00a0\u00bb13653&Prime; full_width=\u00a0\u00bbstretch_row\u00a0\u00bb css=\u00a0\u00bb.vc_custom_1647379924946{background-image: url(https:\/\/monmutualis.com\/wp-content\/uploads\/2022\/03\/noir.jpg?id=13653) !important;background-position: center;background-repeat: no-repeat !important;background-size: cover !important;}\u00a0\u00bb][vc_column]\r\n\t<div class=\"prelude-spacer clearfix\" data-desktop=\"135\" data-mobi=\"60\" data-smobi=\"60\"><\/div>[vc_row_inner][vc_column_inner width=\u00a0\u00bb7\/12&Prime;][vc_column_text]<\/p>\n<h2 class=\"text-white\" style=\"max-width: 600px; font-weight: 600; margin-bottom: 20px;\"><a class=\"row-title\" href=\"https:\/\/monmutualis.com\/wp-admin\/post.php?post=13553&amp;action=edit\" aria-label=\"\u00ab\u00a0Fichier central de sinistre\u00a0\u00bb (Modifier)\">Fichier central de sinistre<\/a><\/h2>\n<p>[\/vc_column_text]<div class=\"prelude-headings clearfix \"  style=\"\"><p class=\"sub-heading clearfix\" style=\"font-style:normal;color:#ffffff;font-size:16px;line-height:26px;\">\r\n\t\tTout comprendre sur le Fichier central de sinistre.\r\n\t<\/p><\/div>[\/vc_column_inner][vc_column_inner width=\u00a0\u00bb5\/12&Prime;]\r\n\t<div class=\"prelude-spacer clearfix\" data-desktop=\"90\" data-mobi=\"60\" data-smobi=\"60\"><\/div>[\/vc_column_inner][\/vc_row_inner]\r\n\t<div class=\"prelude-spacer clearfix\" data-desktop=\"140\" data-mobi=\"60\" data-smobi=\"60\"><\/div>[\/vc_column][\/vc_row][vc_row][vc_column]\r\n\t<div class=\"prelude-spacer clearfix\" data-desktop=\"97\" data-mobi=\"60\" data-smobi=\"60\"><\/div><div class=\"prelude-headings clearfix \" data-font=14 style=\"\"><h3 class=\"heading clearfix  accent\" style=\"font-weight:500;letter-spacing:0.25px;margin-bottom:15px;font-size:14px;\">\r\n\t\tTOUT SAVOIR SUR NOS SERVICES.\r\n\t<\/h3><\/div>[vc_column_text]<\/p>\n<h2 style=\"max-width: 700px; font-weight: 600; margin-bottom: 0;\">Qu&rsquo; est ce que le fichier central de sinistre<span style=\"font-weight: 300;\">\u00a0<\/span>?<\/h2>\n<p>&nbsp;<\/p>\n<div id=\"gtx-trans\" style=\"position: absolute; left: 379px; top: 36px;\">\n<div class=\"gtx-trans-icon\"><\/div>\n<\/div>\n<p>[\/vc_column_text]\r\n\t<div class=\"prelude-spacer clearfix\" data-desktop=\"80\" data-mobi=\"50\" data-smobi=\"50\"><\/div>[vc_row_inner][vc_column_inner width=\u00a0\u00bb1\/2&Prime;][vc_column_text]<\/p>\n<div style=\"color: #5e5d6c; font-size: 18px; line-height: 27px; font-weight: 600; margin-bottom: 27px;\">\n<p>Le fichier central de sinistre est un service de Mutualis Inc. destin\u00e9 \u00e0 recueillir les donn\u00e9es de tous les sinistres survenus en IARD dans les pays de l\u2019espace CIMA.<\/p>\n<\/div>\n<p>[\/vc_column_text]\r\n\t<div class=\"prelude-spacer clearfix\" data-desktop=\"80\" data-mobi=\"50\" data-smobi=\"50\"><\/div>\r\n\t<div class=\"prelude-spacer clearfix\" data-desktop=\"0\" data-mobi=\"60\" data-smobi=\"60\"><\/div>[\/vc_column_inner][vc_column_inner width=\u00a0\u00bb1\/2&Prime;]\r\n\t<div class=\"prelude-parallax-box\"><div class=\"parallax-wrap\"><div class=\"prelude-parallax-item has-width\" style=\"left:4%;margin-top:2%;width:65%;border-radius:7px;box-shadow: 0px 10px 90px 0px rgba(110,123,131,0.2);\" data-parallax='{\"y\" : -80, \"smoothness\" : 20}' data-top=\"2%\"><img decoding=\"async\" class=\"parallax-image\" src=\"https:\/\/monmutualis.com\/wp-content\/uploads\/2022\/03\/economical-research.jpg\" alt=\"image\"><\/div><div class=\"prelude-parallax-item has-width\" style=\"left:41%;margin-top:15%;width:59%;border-radius:7px;box-shadow: 0px 10px 90px 0px rgba(110,123,131,0.2);\" data-parallax='{\"y\" : -40, \"smoothness\" : 40}' data-top=\"15%\"><img decoding=\"async\" class=\"parallax-image\" src=\"https:\/\/monmutualis.com\/wp-content\/uploads\/2022\/03\/noir2.jpg\" alt=\"image\"><\/div><\/div><\/div>[\/vc_column_inner][\/vc_row_inner]\r\n\t<div class=\"prelude-spacer clearfix\" data-desktop=\"94\" data-mobi=\"60\" data-smobi=\"60\"><\/div>[\/vc_column][\/vc_row][vc_row full_width=\u00a0\u00bbstretch_row\u00a0\u00bb css=\u00a0\u00bb.vc_custom_1645705654954{background-color: #af1731 !important;}\u00a0\u00bb][vc_column]\r\n\t<div class=\"prelude-spacer clearfix\" data-desktop=\"100\" data-mobi=\"60\" data-smobi=\"60\"><\/div>[vc_row_inner][vc_column_inner width=\u00a0\u00bb1\/2&Prime;]<div class=\"prelude-content-box clearfix \" data-padding=\"\" data-mobipadding=\"\" data-margin=\"0px 35px 0px 0px\" data-mobimargin=\"0px 0px 0px 0px\" >\r\n\t\t<div class=\"inner ctb-1652790151\" style=\"\"  data-background=\"\">\r\n\t\t\t<div class=\"prelude-simple-image  img-stretch  stretch ctb-1975484925\" data-reveal=\"true\" data-reveal-options='{\"direction\":\"rl\",\"bgcolor\":\"#dddddd\"}'  data-stretch-left=-6.5vw>\r\n\t\t\t\t<figure style=\"border-radius:20px;overflow:hidden; box-shadow: 0px 10px 90px 0px rgba(110,123,131,0.1)\"><img decoding=\"async\" alt=\"image\" src=\"https:\/\/monmutualis.com\/wp-content\/uploads\/2022\/03\/woman-smiles-with-question-mark.jpg\" \/> <\/figure>\r\n\t\t\t<\/div>\r\n\t\t<\/div>\r\n\t<\/div>\r\n\t<div class=\"prelude-spacer clearfix\" data-desktop=\"0\" data-mobi=\"40\" data-smobi=\"40\"><\/div>[\/vc_column_inner][vc_column_inner width=\u00a0\u00bb1\/2&Prime;]<div class=\"prelude-headings clearfix \" data-font=42 data-mfont=40 style=\"\"><h2 class=\"heading clearfix \" style=\"font-weight:600;color:#ffffff;max-width:430px;margin-bottom:32px;font-size:42px;\">\r\n\t\tA quoi sert le fichier CENTRAL DE SINISTRE ?\r\n\t<\/h2><p class=\"sub-heading clearfix\" style=\"font-style:normal;font-weight:600;color:#ffffff;font-size:18px;line-height:27px;\">\r\n\t\tLe fichier central de sinistre permet aux assureurs d'\u00e9tablir leurs primes d'assurance selon les ant\u00e9c\u00e9dents r\u00e9els des assur\u00e9s en mati\u00e8re de sinistres IARD\r\n\t<\/p><\/div>[\/vc_column_inner][\/vc_row_inner]\r\n\t<div class=\"prelude-spacer clearfix\" data-desktop=\"100\" data-mobi=\"60\" data-smobi=\"60\"><\/div><div class=\"prelude-align-box text-center\"><\/div>[\/vc_column][\/vc_row][vc_row full_width=\u00a0\u00bbstretch_row\u00a0\u00bb css=\u00a0\u00bb.vc_custom_1645705747881{background-color: #1e73be !important;}\u00a0\u00bb][vc_column]\r\n\t<div class=\"prelude-spacer clearfix\" data-desktop=\"100\" data-mobi=\"60\" data-smobi=\"60\"><\/div>[vc_row_inner][vc_column_inner width=\u00a0\u00bb1\/2&Prime;]<div class=\"prelude-content-box clearfix \" data-padding=\"\" data-mobipadding=\"\" data-margin=\"0px 35px 0px 0px\" data-mobimargin=\"0px 0px 0px 0px\" >\r\n\t\t<div class=\"inner ctb-2116047490\" style=\"\"  data-background=\"\">\r\n\t\t\t<div class=\"prelude-simple-image  img-stretch  stretch ctb-17883550\" data-reveal=\"true\" data-reveal-options='{\"direction\":\"rl\",\"bgcolor\":\"#dddddd\"}'  data-stretch-left=-6.5vw>\r\n\t\t\t\t<figure style=\"border-radius:20px;overflow:hidden; box-shadow: 0px 10px 90px 0px rgba(110,123,131,0.1)\"><img decoding=\"async\" alt=\"image\" src=\"https:\/\/monmutualis.com\/wp-content\/uploads\/2022\/03\/applications-to-be-connected.jpg\" \/> <\/figure>\r\n\t\t\t<\/div>\r\n\t\t<\/div>\r\n\t<\/div>\r\n\t<div class=\"prelude-spacer clearfix\" data-desktop=\"0\" data-mobi=\"40\" data-smobi=\"40\"><\/div>[\/vc_column_inner][vc_column_inner width=\u00a0\u00bb1\/2&Prime;]<div class=\"prelude-headings clearfix \" data-font=42 data-mfont=40 style=\"\"><h2 class=\"heading clearfix \" style=\"font-weight:600;color:#ffffff;max-width:430px;margin-bottom:32px;font-size:42px;\">\r\n\t\tUn dossier ACCESSIBLE.<br \/>\nQui peut consulter le FICHIER CENTRAL DE SINISTRE ?\r\n\t<\/h2><p class=\"sub-heading clearfix\" style=\"font-style:normal;font-weight:600;color:#ffffff;font-size:18px;line-height:27px;\">\r\n\t\t- Seuls l'assureur et son assur\u00e9 peuvent consulter un dossier au FICHIER CENTRAL DE SINISTRE<br \/>\n- Les renseignements contenus au FICHIER CENTRAL DE SINISTRE sont utilis\u00e9s dans le plus grand respect de la loi sur la protection des donn\u00e9es \u00e0 caract\u00e8re personnel des pays respectifs de l\u2019espace CIMA \u00e0 l\u2019instar de la Loi n\u00b0001\/2011 relative \u00e0 la protection des donn\u00e9es \u00e0 caract\u00e8re personnel pour le cas du Gabon.\r\n\t<\/p><\/div>[\/vc_column_inner][\/vc_row_inner]\r\n\t<div class=\"prelude-spacer clearfix\" data-desktop=\"100\" data-mobi=\"60\" data-smobi=\"60\"><\/div><div class=\"prelude-align-box text-center\"><\/div>[\/vc_column][\/vc_row][vc_row full_width=\u00a0\u00bbstretch_row\u00a0\u00bb css=\u00a0\u00bb.vc_custom_1646000062828{background-color: #f7f7f7 !important;}\u00a0\u00bb][vc_column]\r\n\t<div class=\"prelude-spacer clearfix\" data-desktop=\"100\" data-mobi=\"60\" data-smobi=\"60\"><\/div>[vc_row_inner][vc_column_inner width=\u00a0\u00bb1\/2&Prime;]<div class=\"prelude-content-box clearfix \" data-padding=\"\" data-mobipadding=\"\" data-margin=\"0px 35px 0px 0px\" data-mobimargin=\"0px 0px 0px 0px\" >\r\n\t\t<div class=\"inner ctb-1323309620\" style=\"\"  data-background=\"\">\r\n\t\t\t<div class=\"prelude-simple-image  img-stretch  stretch ctb-663563052\" data-reveal=\"true\" data-reveal-options='{\"direction\":\"rl\",\"bgcolor\":\"#dddddd\"}'  data-stretch-left=-6.5vw>\r\n\t\t\t\t<figure style=\"border-radius:20px;overflow:hidden; box-shadow: 0px 10px 90px 0px rgba(110,123,131,0.1)\"><img decoding=\"async\" alt=\"image\" src=\"https:\/\/monmutualis.com\/wp-content\/uploads\/revslider\/Slider-Digital-Agency\/slider-digital-bg1.jpg\" \/> <\/figure>\r\n\t\t\t<\/div>\r\n\t\t<\/div>\r\n\t<\/div>\r\n\t<div class=\"prelude-spacer clearfix\" data-desktop=\"0\" data-mobi=\"40\" data-smobi=\"40\"><\/div>[\/vc_column_inner][vc_column_inner width=\u00a0\u00bb1\/2&Prime;]<div class=\"prelude-headings clearfix \" data-font=42 data-mfont=40 style=\"\"><h2 class=\"heading clearfix \" style=\"font-weight:600;color:#1e73be;max-width:430px;margin-bottom:32px;font-size:42px;\">\r\n\t\tCOMMENT CONSULTER UN DOSSIER AU FICHIER CENTRAL DE SINISTRE ?\r\n\t<\/h2><p class=\"sub-heading clearfix\" style=\"font-style:normal;font-weight:600;color:#565656;font-size:18px;line-height:27px;\">\r\n\t\tConsulter le site www.monmutualis.com sous la rubrique mes services puis, cliquer sur Fichier central des sinistres. Cr\u00e9er un compte puis choisir l'option du forfait qui vous convient et suivre les \u00e9tapes d\u00e9crites. Si vous n'avez pas acc\u00e8s \u00e0 internet, veuillez contacter un agent Mutualis au num\u00e9ro indiqu\u00e9 dans l\u2019espace nous-joindre.\r\n\t<\/p><\/div>[\/vc_column_inner][\/vc_row_inner]\r\n\t<div class=\"prelude-spacer clearfix\" data-desktop=\"100\" data-mobi=\"60\" data-smobi=\"60\"><\/div><div class=\"prelude-align-box text-center\"><\/div>[\/vc_column][\/vc_row][vc_row full_width=\u00a0\u00bbstretch_row\u00a0\u00bb css=\u00a0\u00bb.vc_custom_1645705654954{background-color: #af1731 !important;}\u00a0\u00bb][vc_column]\r\n\t<div class=\"prelude-spacer clearfix\" data-desktop=\"100\" data-mobi=\"60\" data-smobi=\"60\"><\/div>[vc_row_inner][vc_column_inner width=\u00a0\u00bb1\/2&Prime;]<div class=\"prelude-content-box clearfix \" data-padding=\"\" data-mobipadding=\"\" data-margin=\"0px 35px 0px 0px\" data-mobimargin=\"0px 0px 0px 0px\" >\r\n\t\t<div class=\"inner ctb-104631403\" style=\"\"  data-background=\"\">\r\n\t\t\t<div class=\"prelude-simple-image  img-stretch  stretch ctb-1681314104\" data-reveal=\"true\" data-reveal-options='{\"direction\":\"rl\",\"bgcolor\":\"#dddddd\"}'  data-stretch-left=-6.5vw>\r\n\t\t\t\t<figure style=\"border-radius:20px;overflow:hidden; box-shadow: 0px 10px 90px 0px rgba(110,123,131,0.1)\"><img decoding=\"async\" alt=\"image\" src=\"https:\/\/monmutualis.com\/wp-content\/uploads\/2022\/03\/force.jpg\" \/> <\/figure>\r\n\t\t\t<\/div>\r\n\t\t<\/div>\r\n\t<\/div>\r\n\t<div class=\"prelude-spacer clearfix\" data-desktop=\"0\" data-mobi=\"40\" data-smobi=\"40\"><\/div>[\/vc_column_inner][vc_column_inner width=\u00a0\u00bb1\/2&Prime;]<div class=\"prelude-headings clearfix \" data-font=42 data-mfont=40 style=\"\"><h2 class=\"heading clearfix \" style=\"font-weight:600;color:#ffffff;max-width:430px;margin-bottom:32px;font-size:42px;\">\r\n\t\tCREATION D\u2019UN COMPTE AU FICHIER CENTRAL DE SINISTRE : QUI PEUT CREER UN COMPTE AU FICHIER CENTRAL DE SINISTRE ?\r\n\t<\/h2><p class=\"sub-heading clearfix\" style=\"font-style:normal;font-weight:600;color:#ffffff;font-size:18px;line-height:27px;\">\r\n\t\tSeuls les assureurs et les interm\u00e9diaires d'assurance peuvent cr\u00e9er un compte de gestion au FICHIER CENTRAL DE SINISTRE.<br \/>\nLes renseignements contenus au FICHIER CENTRAL DE SINISTRE sont transmis par les assureurs \u00e0 Mutualis \u00e0 chaque fin d'ann\u00e9e correspondant \u00e0 la p\u00e9riode de fin d'exercice comptable des assureurs.<br \/>\nLes informations transmises sont ensuite collig\u00e9es et vers\u00e9es \u00e0 la base de donn\u00e9es mutualis\u00e9e.\r\n\t<\/p><\/div>[\/vc_column_inner][\/vc_row_inner]\r\n\t<div class=\"prelude-spacer clearfix\" data-desktop=\"100\" data-mobi=\"60\" data-smobi=\"60\"><\/div><div class=\"prelude-align-box text-center\"><\/div>[\/vc_column][\/vc_row]<\/p>\n<\/div>","protected":false},"excerpt":{"rendered":"<p>[vc_row parallax=\u00a0\u00bbcontent-moving\u00a0\u00bb full_width=\u00a0\u00bbstretch_row\u00a0\u00bb css=\u00a0\u00bb.vc_custom_1645792207324{background-position: center;background-repeat: no-repeat !important;background-size: cover !important;}\u00a0\u00bb][vc_column][\/vc_column][\/vc_row][vc_row parallax=\u00a0\u00bbcontent-moving\u00a0\u00bb parallax_image=\u00a0\u00bb13653&Prime; full_width=\u00a0\u00bbstretch_row\u00a0\u00bb css=\u00a0\u00bb.vc_custom_1647379924946{background-image: url(https:\/\/monmutualis.com\/wp-content\/uploads\/2022\/03\/noir.jpg?id=13653) !important;background-position: center;background-repeat: no-repeat !important;background-size: cover !important;}\u00a0\u00bb][vc_column][vc_row_inner][vc_column_inner width=\u00a0\u00bb7\/12&Prime;][vc_column_text] Fichier central de sinistre [\/vc_column_text][\/vc_column_inner][vc_column_inner width=\u00a0\u00bb5\/12&Prime;][\/vc_column_inner][\/vc_row_inner][\/vc_column][\/vc_row][vc_row][vc_column][vc_column_text] Qu&rsquo; est ce que le fichier central de sinistre\u00a0? &nbsp; [\/vc_column_text][vc_row_inner][vc_column_inner width=\u00a0\u00bb1\/2&Prime;][vc_column_text] Le fichier central de sinistre est un service de Mutualis Inc.<\/p>\n","protected":false},"author":1,"featured_media":0,"parent":0,"menu_order":0,"comment_status":"closed","ping_status":"closed","template":"","meta":{"_monsterinsights_skip_tracking":false,"_monsterinsights_sitenote_active":false,"_monsterinsights_sitenote_note":"","_monsterinsights_sitenote_category":0,"footnotes":""},"class_list":["post-13642","page","type-page","status-publish","hentry"],"aioseo_notices":[],"_links":{"self":[{"href":"https:\/\/monmutualis.com\/index.php\/wp-json\/wp\/v2\/pages\/13642","targetHints":{"allow":["GET"]}}],"collection":[{"href":"https:\/\/monmutualis.com\/index.php\/wp-json\/wp\/v2\/pages"}],"about":[{"href":"https:\/\/monmutualis.com\/index.php\/wp-json\/wp\/v2\/types\/page"}],"author":[{"embeddable":true,"href":"https:\/\/monmutualis.com\/index.php\/wp-json\/wp\/v2\/users\/1"}],"replies":[{"embeddable":true,"href":"https:\/\/monmutualis.com\/index.php\/wp-json\/wp\/v2\/comments?post=13642"}],"version-history":[{"count":6,"href":"https:\/\/monmutualis.com\/index.php\/wp-json\/wp\/v2\/pages\/13642\/revisions"}],"predecessor-version":[{"id":13765,"href":"https:\/\/monmutualis.com\/index.php\/wp-json\/wp\/v2\/pages\/13642\/revisions\/13765"}],"wp:attachment":[{"href":"https:\/\/monmutualis.com\/index.php\/wp-json\/wp\/v2\/media?parent=13642"}],"curies":[{"name":"wp","href":"https:\/\/api.w.org\/{rel}","templated":true}]}}