{"id":13596,"date":"2022-03-13T07:15:00","date_gmt":"2022-03-13T06:15:00","guid":{"rendered":"https:\/\/monmutualis.com\/?page_id=13596"},"modified":"2022-04-13T08:04:25","modified_gmt":"2022-04-13T06:04:25","slug":"devenir-partenaire","status":"publish","type":"page","link":"https:\/\/monmutualis.com\/index.php\/devenir-partenaire\/","title":{"rendered":"Devenir partenaire"},"content":{"rendered":"<div class=\"wpb-content-wrapper\"><p>[vc_row parallax=\u00a0\u00bbcontent-moving\u00a0\u00bb full_width=\u00a0\u00bbstretch_row\u00a0\u00bb css=\u00a0\u00bb.vc_custom_1645792207324{background-position: center;background-repeat: no-repeat !important;background-size: cover !important;}\u00a0\u00bb][vc_column]\r\n\t<div class=\"prelude-spacer clearfix\" data-desktop=\"135\" data-mobi=\"60\" data-smobi=\"60\"><\/div>[\/vc_column][\/vc_row][vc_row parallax=\u00a0\u00bbcontent-moving\u00a0\u00bb parallax_image=\u00a0\u00bb13603&Prime; full_width=\u00a0\u00bbstretch_row\u00a0\u00bb css=\u00a0\u00bb.vc_custom_1647380999321{background-image: url(https:\/\/monmutualis.com\/wp-content\/uploads\/2022\/03\/yoolo.jpg?id=13603) !important;background-position: center;background-repeat: no-repeat !important;background-size: cover !important;}\u00a0\u00bb][vc_column]\r\n\t<div class=\"prelude-spacer clearfix\" data-desktop=\"135\" data-mobi=\"60\" data-smobi=\"60\"><\/div>[vc_row_inner][vc_column_inner width=\u00a0\u00bb7\/12&Prime;][vc_column_text]<\/p>\n<h2 class=\"text-white\" style=\"max-width: 600px; font-weight: 600; margin-bottom: 20px;\">Devenir partenaires<\/h2>\n<div id=\"gtx-trans\" style=\"position: absolute; left: -50px; top: -15px;\">\n<div class=\"gtx-trans-icon\"><\/div>\n<\/div>\n<p>[\/vc_column_text]<div class=\"prelude-headings clearfix \"  style=\"\"><p class=\"sub-heading clearfix\" style=\"font-style:normal;color:#ffffff;font-size:16px;line-height:26px;\">\r\n\t\tTous savoir sur le processus de partenariat.\r\n\t<\/p><\/div>[\/vc_column_inner][vc_column_inner width=\u00a0\u00bb5\/12&Prime;]\r\n\t<div class=\"prelude-spacer clearfix\" data-desktop=\"90\" data-mobi=\"60\" data-smobi=\"60\"><\/div>[\/vc_column_inner][\/vc_row_inner]\r\n\t<div class=\"prelude-spacer clearfix\" data-desktop=\"140\" data-mobi=\"60\" data-smobi=\"60\"><\/div>[\/vc_column][\/vc_row][vc_row][vc_column]\r\n\t<div class=\"prelude-spacer clearfix\" data-desktop=\"97\" data-mobi=\"60\" data-smobi=\"60\"><\/div><div class=\"prelude-headings clearfix \" data-font=14 style=\"\"><h3 class=\"heading clearfix  accent\" style=\"font-weight:500;letter-spacing:0.25px;margin-bottom:15px;font-size:14px;\">\r\n\t\tTOUT SAVOIR SUR MUTUALIS INC.\r\n\t<\/h3><\/div>[vc_column_text]<\/p>\n<h2 style=\"max-width: 700px; font-weight: 600; margin-bottom: 0;\">Comment devenir <span style=\"font-weight: 600;\">partenaire ?<\/span><\/h2>\n<p>[\/vc_column_text]\r\n\t<div class=\"prelude-spacer clearfix\" data-desktop=\"80\" data-mobi=\"50\" data-smobi=\"50\"><\/div>[vc_row_inner][vc_column_inner width=\u00a0\u00bb1\/2&Prime;][vc_column_text]<\/p>\n<div style=\"color: #5e5d6c; font-size: 18px; line-height: 27px; font-weight: 600; margin-bottom: 27px;\">\n<p>En tant que leader et pionnier sur le march\u00e9 des fonds d\u2019assurance et d\u2019auto-assurance, Mutualis entends cr\u00e9er un r\u00e9seau d\u2019affili\u00e9 et de partenaire sur le continent africain. A ce titre, elle est ouverte \u00e0 toute demande de partenariat des assureurs sous certaines conditions\u00a0:<\/p>\n<\/div>\n<p>[\/vc_column_text]\r\n\t<div class=\"prelude-spacer clearfix\" data-desktop=\"80\" data-mobi=\"50\" data-smobi=\"50\"><\/div>\r\n\t<div class=\"prelude-spacer clearfix\" data-desktop=\"0\" data-mobi=\"60\" data-smobi=\"60\"><\/div>[\/vc_column_inner][vc_column_inner width=\u00a0\u00bb1\/2&Prime;]\r\n\t<div class=\"prelude-parallax-box\"><div class=\"parallax-wrap\"><div class=\"prelude-parallax-item has-width\" style=\"left:4%;margin-top:2%;width:65%;border-radius:7px;box-shadow: 0px 10px 90px 0px rgba(110,123,131,0.2);\" data-parallax='{\"y\" : -80, \"smoothness\" : 20}' data-top=\"2%\"><img decoding=\"async\" class=\"parallax-image\" src=\"https:\/\/monmutualis.com\/wp-content\/uploads\/2022\/03\/yoolo.jpg\" alt=\"image\"><\/div><div class=\"prelude-parallax-item has-width\" style=\"left:41%;margin-top:15%;width:59%;border-radius:7px;box-shadow: 0px 10px 90px 0px rgba(110,123,131,0.2);\" data-parallax='{\"y\" : -40, \"smoothness\" : 40}' data-top=\"15%\"><img decoding=\"async\" class=\"parallax-image\" src=\"https:\/\/monmutualis.com\/wp-content\/uploads\/2022\/03\/fghjkl.jpg\" alt=\"image\"><\/div><\/div><\/div>[\/vc_column_inner][\/vc_row_inner]\r\n\t<div class=\"prelude-spacer clearfix\" data-desktop=\"94\" data-mobi=\"60\" data-smobi=\"60\"><\/div>[\/vc_column][\/vc_row][vc_row full_width=\u00a0\u00bbstretch_row\u00a0\u00bb css=\u00a0\u00bb.vc_custom_1645684044647{background-color: #206fa0 !important;}\u00a0\u00bb][vc_column]\r\n\t<div class=\"prelude-spacer clearfix\" data-desktop=\"100\" data-mobi=\"60\" data-smobi=\"60\"><\/div>[vc_row_inner][vc_column_inner width=\u00a0\u00bb1\/4&Prime;]<div class=\"prelude-icon-box clearfix icon-top align-left hover-style-1 link-hover-orange simple\" style=\"background-image:url(https:\/\/monmutualis.com\/wp-content\/uploads\/2019\/12\/feature-dummy-bg1.png);background-size:cover;padding:32px 35px 44px 35px;border-radius:5px;border:1px solid #e7e7e7;\" ><div class=\"hover\" style=\"border-radius:5px;background-image:url(https:\/\/monmutualis.com\/wp-content\/uploads\/2020\/01\/feature-bg1.jpg);\"><\/div><div class=\"wrap-inner\" style=\"position: relative;\"> <div class=\"content-wrap\"><h3 class=\"heading \" style=\"font-size:28px;margin-bottom:15px;\">\r\n\t\t\t<span>Etape N\u00b0 1<\/span>\r\n\t\t<\/h3><div class=\"desc\" style=\"color:#5e5d6c;font-size:14px;line-height:23px;margin-bottom:28px;\"><p>\u00catre une compagnie d\u2019assurance agr\u00e9\u00e9e CIMA ou \u00eatre titulaire d\u2019un agr\u00e9ment valide pour les entreprises hors espace CIMA<\/p>\n<\/div><\/div><\/div><\/div>\r\n\t<div class=\"prelude-spacer clearfix\" data-desktop=\"0\" data-mobi=\"40\" data-smobi=\"40\"><\/div>[\/vc_column_inner][vc_column_inner width=\u00a0\u00bb1\/4&Prime;]<div class=\"prelude-icon-box clearfix icon-top align-left  link-hover-accent simple\" style=\"background-image:url(https:\/\/monmutualis.com\/wp-content\/uploads\/2020\/01\/feature-bg2.jpg);background-size:cover;padding:32px 35px 44px 35px;border-radius:5px;\" ><div class=\"wrap-inner\" style=\"position: relative;\"> <div class=\"content-wrap\"><h3 class=\"heading  white\" style=\"color:#ffffff;font-size:28px;margin-bottom:15px;\">\r\n\t\t\t<span>Etape N\u00b0 2<\/span>\r\n\t\t<\/h3><div class=\"desc\" style=\"color:#ffffff;font-size:14px;line-height:23px;margin-bottom:28px;\"><p>Exercer depuis minimum deux ans dans l\u2019une des branches suivantes : IARD\/ Non-Vie ou VIE.\u00a0 \u00a0 \u00a0 \u00a0 \u00a0 \u00a0 \u00a0 \u00a0 \u00a0 \u00a0.<\/p>\n<\/div><\/div><\/div><\/div>\r\n\t<div class=\"prelude-spacer clearfix\" data-desktop=\"0\" data-mobi=\"40\" data-smobi=\"40\"><\/div>[\/vc_column_inner][vc_column_inner width=\u00a0\u00bb1\/4&Prime;]<div class=\"prelude-icon-box clearfix icon-top align-left hover-style-1 link-hover-orange simple\" style=\"background-image:url(https:\/\/monmutualis.com\/wp-content\/uploads\/2019\/12\/feature-dummy-bg3.png);background-size:cover;padding:32px 35px 44px 35px;border-radius:5px;border:1px solid #e7e7e7;\" ><div class=\"hover\" style=\"border-radius:5px;background-image:url(https:\/\/monmutualis.com\/wp-content\/uploads\/2020\/01\/feature-bg3.jpg);\"><\/div><div class=\"wrap-inner\" style=\"position: relative;\"> <div class=\"content-wrap\"><h3 class=\"heading \" style=\"font-size:28px;margin-bottom:15px;\">\r\n\t\t\t<span>Etape N\u00b03<\/span>\r\n\t\t<\/h3><div class=\"desc\" style=\"color:#5e5d6c;font-size:14px;line-height:23px;margin-bottom:28px;\"><p>\u00catre un courtier grossiste d\u00fbment constitu\u00e9, exer\u00e7ant depuis minimum deux ans.\u00a0 \u00a0 \u00a0 \u00a0 \u00a0 \u00a0 \u00a0 \u00a0 \u00a0 \u00a0 \u00a0 \u00a0 \u00a0 \u00a0 \u00a0.<\/p>\n<\/div><\/div><\/div><\/div>\r\n\t<div class=\"prelude-spacer clearfix\" data-desktop=\"0\" data-mobi=\"40\" data-smobi=\"40\"><\/div>[\/vc_column_inner][vc_column_inner width=\u00a0\u00bb1\/4&Prime;]<div class=\"prelude-icon-box clearfix icon-top align-left  link-hover-accent simple\" style=\"background-image:url(https:\/\/monmutualis.com\/wp-content\/uploads\/2020\/01\/feature-bg2.jpg);background-size:cover;padding:32px 35px 44px 35px;border-radius:5px;\" ><div class=\"wrap-inner\" style=\"position: relative;\"> <div class=\"content-wrap\"><h3 class=\"heading  white\" style=\"color:#ffffff;font-size:28px;margin-bottom:15px;\">\r\n\t\t\t<span>Etape N\u00b0 4<\/span>\r\n\t\t<\/h3><div class=\"desc\" style=\"color:#ffffff;font-size:14px;line-height:23px;margin-bottom:28px;\"><ul>\n<li>Renseigner le formulaire d\u2019inscription des partenaires de Mutualis sur notre site. (Lien ici).<\/li>\n<\/ul>\n<\/div><\/div><\/div><div class=\"url-wrap\" style=\"\">\r\n\t\t\t<a target=\"_self\" class=\"prelude-links link-style-1 orange\" href=\"https:\/\/monmutualis.com\/index.php\/nous-contacter\/\" style=\"\">\r\n\t\t\t\t<span class=\"text\">Plus de d\u00e9tails<\/span>\r\n\t\t\t<\/a>\r\n\t\t<\/div><\/div>[\/vc_column_inner][\/vc_row_inner]\r\n\t<div class=\"prelude-spacer clearfix\" data-desktop=\"100\" data-mobi=\"60\" data-smobi=\"60\"><\/div>[\/vc_column][\/vc_row][vc_row parallax=\u00a0\u00bbcontent-moving\u00a0\u00bb full_width=\u00a0\u00bbstretch_row\u00a0\u00bb css=\u00a0\u00bb.vc_custom_1647155543416{background-image: url(https:\/\/monmutualis.com\/wp-content\/uploads\/2022\/03\/full-length-portrait-of-loving-young-african-family-1.jpg?id=13617) !important;background-position: center;background-repeat: no-repeat !important;background-size: cover !important;}\u00a0\u00bb][vc_column]\r\n\t<div class=\"prelude-spacer clearfix\" data-desktop=\"90\" data-mobi=\"60\" data-smobi=\"60\"><\/div>[vc_column_text]<\/p>\n<h2 class=\"text-accent-color text-center\" style=\"max-width: 700px; margin: 0 auto; font-weight: 600;\">MUTUALIS,\u00a0 <span class=\"text-white\" style=\"font-weight: 300;\">L&rsquo;humain au bout du service,<\/span><\/h2>\n<div class=\"text-white text-center\" style=\"max-width: 600px; margin: 20px auto 0;\">\n<p>Mutualis entend r\u00e9volutionner le march\u00e9 des assurances en \u00e9laborant des solutions sur mesure proches des besoins r\u00e9els des assur\u00e9s.\u00a0Nous demeurons convaincus que l\u2019une des principales raisons d\u2019\u00eatre de l\u2019assurance demeure la protection et la satisfaction des assur\u00e9s. Aussi, en collaborant \u00e9troitement avec nos partenaires assureurs, nous sommes r\u00e9solument assur\u00e9s d\u2019atteindre ces objectifs.<\/p>\n<\/div>\n<p>[\/vc_column_text]\r\n\t<div class=\"prelude-spacer clearfix\" data-desktop=\"100\" data-mobi=\"60\" data-smobi=\"60\"><\/div>[\/vc_column][\/vc_row]<\/p>\n<\/div>","protected":false},"excerpt":{"rendered":"<p>[vc_row parallax=\u00a0\u00bbcontent-moving\u00a0\u00bb full_width=\u00a0\u00bbstretch_row\u00a0\u00bb css=\u00a0\u00bb.vc_custom_1645792207324{background-position: center;background-repeat: no-repeat !important;background-size: cover !important;}\u00a0\u00bb][vc_column][\/vc_column][\/vc_row][vc_row parallax=\u00a0\u00bbcontent-moving\u00a0\u00bb parallax_image=\u00a0\u00bb13603&Prime; full_width=\u00a0\u00bbstretch_row\u00a0\u00bb css=\u00a0\u00bb.vc_custom_1647380999321{background-image: url(https:\/\/monmutualis.com\/wp-content\/uploads\/2022\/03\/yoolo.jpg?id=13603) !important;background-position: center;background-repeat: no-repeat !important;background-size: cover !important;}\u00a0\u00bb][vc_column][vc_row_inner][vc_column_inner width=\u00a0\u00bb7\/12&Prime;][vc_column_text] Devenir partenaires [\/vc_column_text][\/vc_column_inner][vc_column_inner width=\u00a0\u00bb5\/12&Prime;][\/vc_column_inner][\/vc_row_inner][\/vc_column][\/vc_row][vc_row][vc_column][vc_column_text] Comment devenir partenaire ? [\/vc_column_text][vc_row_inner][vc_column_inner width=\u00a0\u00bb1\/2&Prime;][vc_column_text] En tant que leader et pionnier sur le march\u00e9 des fonds d\u2019assurance et d\u2019auto-assurance, Mutualis entends cr\u00e9er un r\u00e9seau<\/p>\n","protected":false},"author":1,"featured_media":0,"parent":0,"menu_order":0,"comment_status":"closed","ping_status":"closed","template":"","meta":{"_monsterinsights_skip_tracking":false,"_monsterinsights_sitenote_active":false,"_monsterinsights_sitenote_note":"","_monsterinsights_sitenote_category":0,"footnotes":""},"class_list":["post-13596","page","type-page","status-publish","hentry"],"aioseo_notices":[],"_links":{"self":[{"href":"https:\/\/monmutualis.com\/index.php\/wp-json\/wp\/v2\/pages\/13596","targetHints":{"allow":["GET"]}}],"collection":[{"href":"https:\/\/monmutualis.com\/index.php\/wp-json\/wp\/v2\/pages"}],"about":[{"href":"https:\/\/monmutualis.com\/index.php\/wp-json\/wp\/v2\/types\/page"}],"author":[{"embeddable":true,"href":"https:\/\/monmutualis.com\/index.php\/wp-json\/wp\/v2\/users\/1"}],"replies":[{"embeddable":true,"href":"https:\/\/monmutualis.com\/index.php\/wp-json\/wp\/v2\/comments?post=13596"}],"version-history":[{"count":15,"href":"https:\/\/monmutualis.com\/index.php\/wp-json\/wp\/v2\/pages\/13596\/revisions"}],"predecessor-version":[{"id":13712,"href":"https:\/\/monmutualis.com\/index.php\/wp-json\/wp\/v2\/pages\/13596\/revisions\/13712"}],"wp:attachment":[{"href":"https:\/\/monmutualis.com\/index.php\/wp-json\/wp\/v2\/media?parent=13596"}],"curies":[{"name":"wp","href":"https:\/\/api.w.org\/{rel}","templated":true}]}}