{"id":1339,"date":"2017-10-16T13:54:07","date_gmt":"2017-10-16T13:54:07","guid":{"rendered":"http:\/\/ninzio.com\/prelude\/?page_id=1339"},"modified":"2023-12-27T05:29:05","modified_gmt":"2023-12-27T04:29:05","slug":"nous-contacter","status":"publish","type":"page","link":"https:\/\/monmutualis.com\/index.php\/nous-contacter\/","title":{"rendered":"Nous contacter"},"content":{"rendered":"<div class=\"wpb-content-wrapper\"><p>[vc_row][vc_column]\r\n\t<div class=\"prelude-spacer clearfix\" data-desktop=\"120\" data-mobi=\"0\" data-smobi=\"0\"><\/div>[\/vc_column][\/vc_row][vc_row parallax=\u00a0\u00bbcontent-moving\u00a0\u00bb parallax_image=\u00a0\u00bb13696&Prime; full_width=\u00a0\u00bbstretch_row\u00a0\u00bb css=\u00a0\u00bb.vc_custom_1647390413899{background-image: url(https:\/\/monmutualis.com\/wp-content\/uploads\/2022\/03\/WhatsApp-Image-2022-03-16-at-00.17.21.jpeg?id=13692) !important;background-position: center;background-repeat: no-repeat !important;background-size: cover !important;}\u00a0\u00bb][vc_column]\r\n\t<div class=\"prelude-spacer clearfix\" data-desktop=\"135\" data-mobi=\"60\" data-smobi=\"60\"><\/div>[vc_row_inner][vc_column_inner width=\u00a0\u00bb7\/12&Prime;][vc_column_text]<\/p>\n<h2 class=\"text-white\" style=\"max-width: 600px; font-weight: 600; margin-bottom: 20px;\">Nous joindre<\/h2>\n<div id=\"gtx-trans\" style=\"position: absolute; left: 329px; top: -15px;\">\n<div class=\"gtx-trans-icon\"><\/div>\n<\/div>\n<p>[\/vc_column_text]<div class=\"prelude-headings clearfix \"  style=\"\"><p class=\"sub-heading clearfix\" style=\"font-style:normal;color:#ffffff;font-size:16px;line-height:26px;\">\r\n\t\tToujours \u00e0 l'\u00e9coute, et toujours plus proche de vous.\r\n\t<\/p><\/div>[\/vc_column_inner][vc_column_inner width=\u00a0\u00bb5\/12&Prime;]\r\n\t<div class=\"prelude-spacer clearfix\" data-desktop=\"90\" data-mobi=\"60\" data-smobi=\"60\"><\/div>[\/vc_column_inner][\/vc_row_inner]\r\n\t<div class=\"prelude-spacer clearfix\" data-desktop=\"140\" data-mobi=\"60\" data-smobi=\"60\"><\/div>[\/vc_column][\/vc_row][vc_row][vc_column]\r\n\t<div class=\"prelude-spacer clearfix\" data-desktop=\"97\" data-mobi=\"60\" data-smobi=\"60\"><\/div><div class=\"prelude-headings clearfix text-center\" data-font=14 style=\"\"><h3 class=\"heading clearfix  accent\" style=\"font-weight:500;letter-spacing:0.25px;margin-bottom:15px;font-size:14px;\">\r\n\t\tNOUS JOINDRE\r\n\t<\/h3><\/div>[vc_column_text]<\/p>\n<h2 style=\"max-width: 800px; text-align: center; font-weight: 600; margin: 0 auto 10px;\">MUTUALIS, <span style=\"font-weight: 300;\">L&rsquo;humain au bout du service<\/span><\/h2>\n<div id=\"gtx-trans\" style=\"position: absolute; left: 509px; top: 36px;\">\n<div class=\"gtx-trans-icon\"><\/div>\n<\/div>\n<p>[\/vc_column_text]<div class=\"prelude-headings clearfix text-center\"  style=\"\"><p class=\"sub-heading clearfix\" style=\"font-style:normal;color:#5e5d6c;font-size:18px;line-height:28px;max-width:740px;margin-left: auto; margin-right: auto;\">\r\n\t\tNous sommes disponibles \u00e0 tout heure enfin d'am\u00e9liorer l'exp\u00e9rience de nos utilisateurs de nos produits et services.\r\n\t<\/p><\/div>\r\n\t<div class=\"prelude-spacer clearfix\" data-desktop=\"83\" data-mobi=\"60\" data-smobi=\"60\"><\/div>[vc_row_inner][vc_column_inner]\r\n\t<div class=\"prelude-iconboxs group-3 clearfix style-2\"><div class=\"inner-wrap\"><div class=\"prelude-icon-box clearfix icon-top align-center  link-hover-accent simple\" style=\"\" ><div class=\"wrap-inner\" style=\"position: relative;\"><div class=\"prelude-icon icon-784466645 icon-font custom accent-bg\"  data-icon=\"#ffffff\" data-icon-hover=\"#ffffff\" data-background-hover=\"#39374d\" data-border-hover=\"#39374d\">\r\n\t\t\t<span class=\"icon\" style=\"font-size:50px;width:120px;height:120px;border-style:solid;border-radius:30px;line-height:120px; box-shadow: 0px 5px 50px 0px rgba(0,214,100,0.1)\"><i class=\"pe-7s-map-2\"><\/i><\/span>\r\n\t\t<\/div> <div class=\"content-wrap\"><h3 class=\"heading \" style=\"font-size:22px;margin-top:35px;margin-bottom:17px;\">\r\n\t\t\t<span>Adresse<\/span>\r\n\t\t<\/h3><div class=\"desc\" style=\"\"><div style=\"max-width: 300px; margin: 0 auto; text-align: center;\">LIBREVILLE,<br \/>\nEstuaire, GABON.<\/div>\n<div id=\"gtx-trans\" style=\"position: absolute; left: 340px; top: 12.5469px;\">\n<div class=\"gtx-trans-icon\"><\/div>\n<\/div>\n<\/div><\/div><\/div><\/div><div class=\"prelude-icon-box clearfix icon-top align-center  link-hover-accent simple\" style=\"\" ><div class=\"wrap-inner\" style=\"position: relative;\"><div class=\"prelude-icon icon-743169813 icon-font custom custom\"  data-icon=\"#777777\" data-background=\"#ffffff\" data-icon-hover=\"#ffffff\" data-background-hover=\"#39374d\" data-border-hover=\"#39374d\">\r\n\t\t\t<span class=\"icon\" style=\"font-size:50px;width:120px;height:120px;border-style:solid;border-radius:30px;line-height:120px; box-shadow: 0px 5px 50px 0px rgba(110,123,131,0.1)\"><i class=\"pe-7s-headphones\"><\/i><\/span>\r\n\t\t<\/div> <div class=\"content-wrap\"><h3 class=\"heading \" style=\"font-size:22px;margin-top:35px;margin-bottom:17px;\">\r\n\t\t\t<span>Num\u00e9ro de t\u00e9l\u00e9phone<\/span>\r\n\t\t<\/h3><div class=\"desc\" style=\"\"><div style=\"max-width: 300px; margin: 0 auto; text-align: center;\">+241-077946-2701<br \/>\n+241-062946-2707<\/div>\n<\/div><\/div><\/div><\/div><div class=\"prelude-icon-box clearfix icon-top align-center  link-hover-accent simple\" style=\"\" ><div class=\"wrap-inner\" style=\"position: relative;\"><div class=\"prelude-icon icon-1315232589 icon-font custom custom\"  data-icon=\"#777777\" data-background=\"#ffffff\" data-icon-hover=\"#ffffff\" data-background-hover=\"#39374d\" data-border-hover=\"#39374d\">\r\n\t\t\t<span class=\"icon\" style=\"font-size:50px;width:120px;height:120px;border-style:solid;border-radius:30px;line-height:120px; box-shadow: 0px 5px 50px 0px rgba(110,123,131,0.1)\"><i class=\"pe-7s-mail-open\"><\/i><\/span>\r\n\t\t<\/div> <div class=\"content-wrap\"><h3 class=\"heading \" style=\"font-size:22px;margin-top:35px;margin-bottom:17px;\">\r\n\t\t\t<span>E-mail<\/span>\r\n\t\t<\/h3><div class=\"desc\" style=\"\"><div style=\"max-width: 300px; margin: 0 auto; text-align: center;\">info@monmutualis.com<\/p>\n<\/div>\n<div><\/div>\n<div id=\"gtx-trans\" style=\"position: absolute; left: 377px; top: 58.5469px;\">\n<div class=\"gtx-trans-icon\"><\/div>\n<\/div>\n<\/div><\/div><\/div><\/div><\/div><\/div>[\/vc_column_inner][\/vc_row_inner]\r\n\t<div class=\"prelude-spacer clearfix\" data-desktop=\"100\" data-mobi=\"60\" data-smobi=\"60\"><\/div>[\/vc_column][\/vc_row][vc_row][vc_column][vc_row_inner][vc_column_inner width=\u00a0\u00bb1\/2&Prime;]<div class=\"prelude-headings clearfix \" data-font=28 style=\"\"><h2 class=\"heading clearfix \" style=\"font-size:28px;\">\r\n\t\tNous joindre.\r\n\t<\/h2><\/div>\r\n\t<div class=\"prelude-spacer clearfix\" data-desktop=\"72\" data-mobi=\"40\" data-smobi=\"40\"><\/div>\n<div class=\"wpcf7 no-js\" id=\"wpcf7-f4437-o1\" lang=\"en-US\" dir=\"ltr\">\n<div class=\"screen-reader-response\"><p role=\"status\" aria-live=\"polite\" aria-atomic=\"true\"><\/p> <ul><\/ul><\/div>\n<form action=\"\/index.php\/wp-json\/wp\/v2\/pages\/1339#wpcf7-f4437-o1\" method=\"post\" class=\"wpcf7-form init\" aria-label=\"Contact form\" novalidate=\"novalidate\" data-status=\"init\">\n<div style=\"display: none;\">\n<input type=\"hidden\" name=\"_wpcf7\" value=\"4437\" \/>\n<input type=\"hidden\" name=\"_wpcf7_version\" value=\"5.8.6\" \/>\n<input type=\"hidden\" name=\"_wpcf7_locale\" value=\"en_US\" \/>\n<input type=\"hidden\" name=\"_wpcf7_unit_tag\" value=\"wpcf7-f4437-o1\" \/>\n<input type=\"hidden\" name=\"_wpcf7_container_post\" value=\"0\" \/>\n<input type=\"hidden\" name=\"_wpcf7_posted_data_hash\" value=\"\" \/>\n<input type=\"hidden\" name=\"_wpcf7_recaptcha_response\" value=\"\" \/>\n<\/div>\n<div class=\"cf7-style-1 gray-bg button-center\">\n\t<div class=\"name-wrap\">\n\t\t<p><span class=\"wpcf7-form-control-wrap\" data-name=\"your-name\"><input size=\"40\" class=\"wpcf7-form-control wpcf7-text wpcf7-validates-as-required\" aria-required=\"true\" aria-invalid=\"false\" placeholder=\"Entrer votre nom\" value=\"\" type=\"text\" name=\"your-name\" \/><\/span>\n\t\t<\/p>\n\t<\/div>\n\t<div class=\"name-wrap\">\n\t\t<p><span class=\"wpcf7-form-control-wrap\" data-name=\"your-surname\"><input size=\"40\" class=\"wpcf7-form-control wpcf7-text wpcf7-validates-as-required\" aria-required=\"true\" aria-invalid=\"false\" placeholder=\"Entrer votre pr\u00e9nom\" value=\"\" type=\"text\" name=\"your-surname\" \/><\/span>\n\t\t<\/p>\n\t<\/div>\n\t<div class=\"name-wrap\">\n\t\t<p><span class=\"wpcf7-form-control-wrap\" data-name=\"your-phone\"><input size=\"40\" class=\"wpcf7-form-control wpcf7-text wpcf7-validates-as-required\" aria-required=\"true\" aria-invalid=\"false\" placeholder=\"Entrer votre num\u00e9ro de t\u00e9l\u00e9phone\" value=\"\" type=\"text\" name=\"your-phone\" \/><\/span>\n\t\t<\/p>\n\t<\/div>\n\t<div class=\"email-wrap\">\n\t\t<p><span class=\"wpcf7-form-control-wrap\" data-name=\"your-email\"><input size=\"40\" class=\"wpcf7-form-control wpcf7-email wpcf7-validates-as-required wpcf7-text wpcf7-validates-as-email\" aria-required=\"true\" aria-invalid=\"false\" placeholder=\"Entrer votre Email\" value=\"\" type=\"email\" name=\"your-email\" \/><\/span>\n\t\t<\/p>\n\t<\/div>\n\t<div class=\"message-wrap\">\n\t\t<p><span class=\"wpcf7-form-control-wrap\" data-name=\"your-message\"><textarea cols=\"40\" rows=\"10\" class=\"wpcf7-form-control wpcf7-textarea\" aria-invalid=\"false\" placeholder=\"Entrer votre message...\" name=\"your-message\"><\/textarea><\/span>\n\t\t<\/p>\n\t<\/div>\n\t<div class=\"submit-wrap\">\n\t\t<p><span><input class=\"wpcf7-form-control wpcf7-submit has-spinner\" type=\"submit\" value=\"Envoyer\" \/><\/span>\n\t\t<\/p>\n\t<\/div>\n<\/div><div class=\"wpcf7-response-output\" aria-hidden=\"true\"><\/div>\n<\/form>\n<\/div>\n\r\n\t<div class=\"prelude-spacer clearfix\" data-desktop=\"0\" data-mobi=\"40\" data-smobi=\"40\"><\/div>[\/vc_column_inner][vc_column_inner width=\u00a0\u00bb1\/2&Prime;]<div class=\"prelude-content-box clearfix \" data-padding=\"\" data-mobipadding=\"\" data-margin=\"0 0 0 35px\" data-mobimargin=\"0 0 0 0\" >\r\n\t\t<div class=\"inner ctb-1599824196\" style=\"\"  data-background=\"\">\r\n\t\t\t<div class=\"prelude-simple-image  \" data-reveal=\"true\" data-reveal-options='{\"direction\":\"lr\",\"bgcolor\":\"#dddddd\"}' >\r\n\t\t\t\t<figure style=\"\"><img decoding=\"async\" alt=\"image\" src=\"https:\/\/monmutualis.com\/wp-content\/uploads\/2020\/01\/vector-img.png\" \/> <\/figure>\r\n\t\t\t<\/div>\r\n\t\t<\/div>\r\n\t<\/div>[\/vc_column_inner][\/vc_row_inner]\r\n\t<div class=\"prelude-spacer clearfix\" data-desktop=\"100\" data-mobi=\"60\" data-smobi=\"60\"><\/div>[\/vc_column][\/vc_row]<\/p>\n<\/div>","protected":false},"excerpt":{"rendered":"<p>[vc_row][vc_column][\/vc_column][\/vc_row][vc_row parallax=\u00a0\u00bbcontent-moving\u00a0\u00bb parallax_image=\u00a0\u00bb13696&Prime; full_width=\u00a0\u00bbstretch_row\u00a0\u00bb css=\u00a0\u00bb.vc_custom_1647390413899{background-image: url(https:\/\/monmutualis.com\/wp-content\/uploads\/2022\/03\/WhatsApp-Image-2022-03-16-at-00.17.21.jpeg?id=13692) !important;background-position: center;background-repeat: no-repeat !important;background-size: cover !important;}\u00a0\u00bb][vc_column][vc_row_inner][vc_column_inner width=\u00a0\u00bb7\/12&Prime;][vc_column_text] Nous joindre [\/vc_column_text][\/vc_column_inner][vc_column_inner width=\u00a0\u00bb5\/12&Prime;][\/vc_column_inner][\/vc_row_inner][\/vc_column][\/vc_row][vc_row][vc_column][vc_column_text] MUTUALIS, L&rsquo;humain au bout du service [\/vc_column_text][vc_row_inner][vc_column_inner][\/vc_column_inner][\/vc_row_inner][\/vc_column][\/vc_row][vc_row][vc_column][vc_row_inner][vc_column_inner width=\u00a0\u00bb1\/2&Prime;][\/vc_column_inner][vc_column_inner width=\u00a0\u00bb1\/2&Prime;][\/vc_column_inner][\/vc_row_inner][\/vc_column][\/vc_row]<\/p>\n","protected":false},"author":1,"featured_media":0,"parent":0,"menu_order":0,"comment_status":"closed","ping_status":"closed","template":"","meta":{"_monsterinsights_skip_tracking":false,"_monsterinsights_sitenote_active":false,"_monsterinsights_sitenote_note":"","_monsterinsights_sitenote_category":0,"footnotes":""},"class_list":["post-1339","page","type-page","status-publish","hentry"],"aioseo_notices":[],"_links":{"self":[{"href":"https:\/\/monmutualis.com\/index.php\/wp-json\/wp\/v2\/pages\/1339","targetHints":{"allow":["GET"]}}],"collection":[{"href":"https:\/\/monmutualis.com\/index.php\/wp-json\/wp\/v2\/pages"}],"about":[{"href":"https:\/\/monmutualis.com\/index.php\/wp-json\/wp\/v2\/types\/page"}],"author":[{"embeddable":true,"href":"https:\/\/monmutualis.com\/index.php\/wp-json\/wp\/v2\/users\/1"}],"replies":[{"embeddable":true,"href":"https:\/\/monmutualis.com\/index.php\/wp-json\/wp\/v2\/comments?post=1339"}],"version-history":[{"count":19,"href":"https:\/\/monmutualis.com\/index.php\/wp-json\/wp\/v2\/pages\/1339\/revisions"}],"predecessor-version":[{"id":13768,"href":"https:\/\/monmutualis.com\/index.php\/wp-json\/wp\/v2\/pages\/1339\/revisions\/13768"}],"wp:attachment":[{"href":"https:\/\/monmutualis.com\/index.php\/wp-json\/wp\/v2\/media?parent=1339"}],"curies":[{"name":"wp","href":"https:\/\/api.w.org\/{rel}","templated":true}]}}